{"id":2,"date":"2025-12-27T22:34:01","date_gmt":"2025-12-27T22:34:01","guid":{"rendered":"https:\/\/blog.mviagens.com.br\/?page_id=2"},"modified":"2026-01-27T19:57:59","modified_gmt":"2026-01-27T22:57:59","slug":"sample-page","status":"publish","type":"page","link":"https:\/\/blog.mviagens.com.br\/?page_id=2","title":{"rendered":"Quem somos"},"content":{"rendered":"\n<p>A MViagens \u00e9 uma ag\u00eancia de turismo especializada em realizar sonhos, conectando pessoas a experi\u00eancias inesquec\u00edveis. Trabalhamos com pacotes de viagem personalizados, viagens em grupo e roteiros cuidadosamente planejados para oferecer conforto, seguran\u00e7a e tranquilidade do in\u00edcio ao fim.<\/p>\n\n\n\n<p>Com atendimento pr\u00f3ximo e humanizado, a MViagens entende que cada viagem \u00e9 \u00fanica. Por isso, cuidamos de todos os detalhes \u2014 transporte, hospedagem, passeios e suporte \u2014 para que nossos clientes aproveitem cada momento sem preocupa\u00e7\u00f5es.<\/p>\n\n\n\n<p>Somos especialistas em destinos nacionais e internacionais, com destaque para viagens em grupo e experi\u00eancias completas, sempre buscando as melhores parcerias e condi\u00e7\u00f5es para nossos viajantes.<\/p>\n\n\n\n<p>Mais do que vender pacotes, a MViagens cria mem\u00f3rias, fortalece conex\u00f5es e transforma cada viagem em uma hist\u00f3ria para contar.<\/p>\n","protected":false},"excerpt":{"rendered":"<p>A MViagens \u00e9 uma ag\u00eancia de turismo especializada em realizar sonhos, conectando pessoas a experi\u00eancias inesquec\u00edveis. Trabalhamos com pacotes de viagem personalizados, viagens em grupo e roteiros cuidadosamente planejados para oferecer conforto, seguran\u00e7a e tranquilidade do in\u00edcio ao fim. Com atendimento pr\u00f3ximo e humanizado, a MViagens entende que cada viagem \u00e9 \u00fanica. Por isso, cuidamos<\/p>\n","protected":false},"author":1,"featured_media":0,"parent":0,"menu_order":0,"comment_status":"closed","ping_status":"open","template":"","meta":{"footnotes":""},"class_list":["post-2","page","type-page","status-publish","hentry"],"_links":{"self":[{"href":"https:\/\/blog.mviagens.com.br\/index.php?rest_route=\/wp\/v2\/pages\/2","targetHints":{"allow":["GET"]}}],"collection":[{"href":"https:\/\/blog.mviagens.com.br\/index.php?rest_route=\/wp\/v2\/pages"}],"about":[{"href":"https:\/\/blog.mviagens.com.br\/index.php?rest_route=\/wp\/v2\/types\/page"}],"author":[{"embeddable":true,"href":"https:\/\/blog.mviagens.com.br\/index.php?rest_route=\/wp\/v2\/users\/1"}],"replies":[{"embeddable":true,"href":"https:\/\/blog.mviagens.com.br\/index.php?rest_route=%2Fwp%2Fv2%2Fcomments&post=2"}],"version-history":[{"count":2,"href":"https:\/\/blog.mviagens.com.br\/index.php?rest_route=\/wp\/v2\/pages\/2\/revisions"}],"predecessor-version":[{"id":126,"href":"https:\/\/blog.mviagens.com.br\/index.php?rest_route=\/wp\/v2\/pages\/2\/revisions\/126"}],"wp:attachment":[{"href":"https:\/\/blog.mviagens.com.br\/index.php?rest_route=%2Fwp%2Fv2%2Fmedia&parent=2"}],"curies":[{"name":"wp","href":"https:\/\/api.w.org\/{rel}","templated":true}]}}