{"id":50,"date":"2025-12-27T23:34:20","date_gmt":"2025-12-28T02:34:20","guid":{"rendered":"https:\/\/blog.mviagens.com.br\/?page_id=50"},"modified":"2025-12-27T23:34:20","modified_gmt":"2025-12-28T02:34:20","slug":"fale-conosco","status":"publish","type":"page","link":"https:\/\/blog.mviagens.com.br\/?page_id=50","title":{"rendered":"Fale Conosco"},"content":{"rendered":"\n<p>Na <strong>MViagens<\/strong>, o seu atendimento vem em primeiro lugar. Estamos sempre prontos para ouvir voc\u00ea, esclarecer d\u00favidas e ajudar a planejar a sua pr\u00f3xima viagem com seguran\u00e7a, tranquilidade e as melhores condi\u00e7\u00f5es.<\/p>\n\n\n\n<p>Seja para solicitar um or\u00e7amento, tirar d\u00favidas sobre destinos, pacotes, viagens em grupo, passagens a\u00e9reas ou servi\u00e7os personalizados, nossa equipe est\u00e1 \u00e0 disposi\u00e7\u00e3o para oferecer um <strong>atendimento r\u00e1pido, humano e especializado.<\/strong><\/p>\n\n\n\n<p><\/p>\n","protected":false},"excerpt":{"rendered":"<p>Na MViagens, o seu atendimento vem em primeiro lugar. Estamos sempre prontos para ouvir voc\u00ea, esclarecer d\u00favidas e ajudar a planejar a sua pr\u00f3xima viagem com seguran\u00e7a, tranquilidade e as melhores condi\u00e7\u00f5es. Seja para solicitar um or\u00e7amento, tirar d\u00favidas sobre destinos, pacotes, viagens em grupo, passagens a\u00e9reas ou servi\u00e7os personalizados, nossa equipe est\u00e1 \u00e0 disposi\u00e7\u00e3o<\/p>\n","protected":false},"author":1,"featured_media":0,"parent":0,"menu_order":0,"comment_status":"closed","ping_status":"closed","template":"","meta":{"footnotes":""},"class_list":["post-50","page","type-page","status-publish","hentry"],"_links":{"self":[{"href":"https:\/\/blog.mviagens.com.br\/index.php?rest_route=\/wp\/v2\/pages\/50","targetHints":{"allow":["GET"]}}],"collection":[{"href":"https:\/\/blog.mviagens.com.br\/index.php?rest_route=\/wp\/v2\/pages"}],"about":[{"href":"https:\/\/blog.mviagens.com.br\/index.php?rest_route=\/wp\/v2\/types\/page"}],"author":[{"embeddable":true,"href":"https:\/\/blog.mviagens.com.br\/index.php?rest_route=\/wp\/v2\/users\/1"}],"replies":[{"embeddable":true,"href":"https:\/\/blog.mviagens.com.br\/index.php?rest_route=%2Fwp%2Fv2%2Fcomments&post=50"}],"version-history":[{"count":1,"href":"https:\/\/blog.mviagens.com.br\/index.php?rest_route=\/wp\/v2\/pages\/50\/revisions"}],"predecessor-version":[{"id":51,"href":"https:\/\/blog.mviagens.com.br\/index.php?rest_route=\/wp\/v2\/pages\/50\/revisions\/51"}],"wp:attachment":[{"href":"https:\/\/blog.mviagens.com.br\/index.php?rest_route=%2Fwp%2Fv2%2Fmedia&parent=50"}],"curies":[{"name":"wp","href":"https:\/\/api.w.org\/{rel}","templated":true}]}}